{"id":99367,"date":"2021-07-13T14:28:03","date_gmt":"2021-07-13T12:28:03","guid":{"rendered":"https:\/\/www.ijslander.com\/produkt\/kupa\/"},"modified":"2025-11-27T14:25:59","modified_gmt":"2025-11-27T13:25:59","slug":"kupa","status":"publish","type":"page","link":"https:\/\/www.ijslander.com\/de\/produkt\/kupa\/","title":{"rendered":"Kupa"},"content":{"rendered":"<div class=\"content-wrap\"><h1>Kupa<\/h1>\n<p>Kupa Ger\u00e4te werden haupts\u00e4chlich aus FSC-zertifiziertem, nat\u00fcrlich geformtem Robinien-Hartholz der Dauerhaftigkeitsklasse 1 hergestellt. Dieses wird in Form von St\u00e4mmen f\u00fcr Rahmen, Leitersprossen und Bohlen f\u00fcr D\u00e4cher verwendet. Strukturelle Strukturen wie B\u00f6den und Seitenw\u00e4nde werden aus Douglasien-Kernholz von B\u00e4umen mit der gleichen Dauerhaftigkeitsklasse wie sibirische L\u00e4rche hergestellt.<\/p>\n<p>Das Sperrholz ist ein Standardsperrholz aus Birke mit einer Phenolbeschichtung f\u00fcr den Au\u00dfenbereich (auf den Zeichnungen und Fotos braun gef\u00e4rbt). D\u00e4nische Fichte wird f\u00fcr dekorative Zwecke verwendet.<\/p>\n<p>Alle Verbindungselemente sind aus rostfreiem Stahl gefertigt. Gelenke, in denen Schrauben versenkt sind, haben eine Abdeckkappe. Die Netze und Seile der Kupa-Ger\u00e4te sind aus \u00d816mm Polypropylen mit einem Stahlkern gefertigt.<\/p>\n<\/div>","protected":false},"excerpt":{"rendered":"<p>Kupa Kupa Ger\u00e4te werden haupts\u00e4chlich aus FSC-zertifiziertem, nat\u00fcrlich geformtem Robinien-Hartholz der Dauerhaftigkeitsklasse 1 hergestellt. Dieses wird in Form von St\u00e4mmen f\u00fcr Rahmen, Leitersprossen und Bohlen f\u00fcr D\u00e4cher verwendet. Strukturelle Strukturen wie B\u00f6den und Seitenw\u00e4nde werden aus Douglasien-Kernholz von B\u00e4umen mit der gleichen Dauerhaftigkeitsklasse wie sibirische L\u00e4rche hergestellt. Das Sperrholz ist ein Standardsperrholz aus Birke mit<\/p>\n","protected":false},"author":3,"featured_media":61470,"parent":40,"menu_order":0,"comment_status":"closed","ping_status":"closed","template":"templates\/template-category-suboverview.php","meta":{"_acf_changed":false,"footnotes":""},"class_list":["post-99367","page","type-page","status-publish","has-post-thumbnail"],"acf":[],"_links":{"self":[{"href":"https:\/\/www.ijslander.com\/de\/wp-json\/wp\/v2\/pages\/99367","targetHints":{"allow":["GET"]}}],"collection":[{"href":"https:\/\/www.ijslander.com\/de\/wp-json\/wp\/v2\/pages"}],"about":[{"href":"https:\/\/www.ijslander.com\/de\/wp-json\/wp\/v2\/types\/page"}],"author":[{"embeddable":true,"href":"https:\/\/www.ijslander.com\/de\/wp-json\/wp\/v2\/users\/3"}],"replies":[{"embeddable":true,"href":"https:\/\/www.ijslander.com\/de\/wp-json\/wp\/v2\/comments?post=99367"}],"version-history":[{"count":5,"href":"https:\/\/www.ijslander.com\/de\/wp-json\/wp\/v2\/pages\/99367\/revisions"}],"predecessor-version":[{"id":112929,"href":"https:\/\/www.ijslander.com\/de\/wp-json\/wp\/v2\/pages\/99367\/revisions\/112929"}],"up":[{"embeddable":true,"href":"https:\/\/www.ijslander.com\/de\/wp-json\/wp\/v2\/pages\/40"}],"wp:featuredmedia":[{"embeddable":true,"href":"https:\/\/www.ijslander.com\/de\/wp-json\/wp\/v2\/media\/61470"}],"wp:attachment":[{"href":"https:\/\/www.ijslander.com\/de\/wp-json\/wp\/v2\/media?parent=99367"}],"curies":[{"name":"wp","href":"https:\/\/api.w.org\/{rel}","templated":true}]}}