{"id":96627,"date":"2023-10-03T14:07:06","date_gmt":"2023-10-03T12:07:06","guid":{"rendered":"https:\/\/www.ijslander.com\/produkt\/melody-mingle\/"},"modified":"2025-11-21T09:20:32","modified_gmt":"2025-11-21T08:20:32","slug":"melody-mingle","status":"publish","type":"page","link":"https:\/\/www.ijslander.com\/de\/produkt\/melody-mingle\/","title":{"rendered":"Melody Mingle"},"content":{"rendered":"<div class=\"content-wrap\"><p><a href=\"https:\/\/www.ijslander.com\/wp-content\/uploads\/2023\/10\/Folder-MuziektoestelNL_compressed.pdf\"><img fetchpriority=\"high\" decoding=\"async\" class=\"alignnone wp-image-96513 size-full\" src=\"https:\/\/www.ijslander.com\/wp-content\/uploads\/2023\/10\/MelodyMingle9-2-1.png\" alt=\"\" width=\"1920\" height=\"1080\" srcset=\"https:\/\/www.ijslander.com\/wp-content\/uploads\/2023\/10\/MelodyMingle9-2-1.png 1920w, https:\/\/www.ijslander.com\/wp-content\/uploads\/2023\/10\/MelodyMingle9-2-1-300x169.png 300w, https:\/\/www.ijslander.com\/wp-content\/uploads\/2023\/10\/MelodyMingle9-2-1-1024x576.png 1024w, https:\/\/www.ijslander.com\/wp-content\/uploads\/2023\/10\/MelodyMingle9-2-1-768x432.png 768w, https:\/\/www.ijslander.com\/wp-content\/uploads\/2023\/10\/MelodyMingle9-2-1-1536x864.png 1536w\" sizes=\"(max-width: 1920px) 100vw, 1920px\" \/><\/a><\/p>\n<h1 style=\"text-align: left;\"><strong>Melody Mingle<\/strong><\/h1>\n<p>Eine lustige und kreative Art zu spielen. Das ist Musik machen! Die neue Linie von IJslander bringt Musik auf den Schulhof, Spielplatz oder sonst wohin. Die Ger\u00e4te sind aus pflegeleichtem, vandalensicherem und nachhaltig produziertem Edelstahl gefertigt. F\u00fcr ein nat\u00fcrlicheres Aussehen k\u00f6nnen Sie sich f\u00fcr Pfosten aus Robinia-Holz entscheiden. Die neue Melody Mingle-Linie ist daf\u00fcr gemacht, alle musikalisch zu begeistern und herauszufordern kreativ mit Kl\u00e4ngen umzugehen. Von Jung bis Alt. Um auch Rollstuhlfahrern die Teilnahme zu erm\u00f6glichen, kann eine h\u00f6here Version des Ger\u00e4ts gew\u00e4hlt werden.<\/p>\n<\/div>","protected":false},"excerpt":{"rendered":"<p>Melody Mingle Eine lustige und kreative Art zu spielen. Das ist Musik machen! Die neue Linie von IJslander bringt Musik auf den Schulhof, Spielplatz oder sonst wohin. Die Ger\u00e4te sind aus pflegeleichtem, vandalensicherem und nachhaltig produziertem Edelstahl gefertigt. F\u00fcr ein nat\u00fcrlicheres Aussehen k\u00f6nnen Sie sich f\u00fcr Pfosten aus Robinia-Holz entscheiden. Die neue Melody Mingle-Linie ist<\/p>\n","protected":false},"author":13,"featured_media":96472,"parent":40,"menu_order":0,"comment_status":"closed","ping_status":"closed","template":"templates\/template-category-suboverview.php","meta":{"_acf_changed":false,"footnotes":""},"class_list":["post-96627","page","type-page","status-publish","has-post-thumbnail"],"acf":[],"_links":{"self":[{"href":"https:\/\/www.ijslander.com\/de\/wp-json\/wp\/v2\/pages\/96627","targetHints":{"allow":["GET"]}}],"collection":[{"href":"https:\/\/www.ijslander.com\/de\/wp-json\/wp\/v2\/pages"}],"about":[{"href":"https:\/\/www.ijslander.com\/de\/wp-json\/wp\/v2\/types\/page"}],"author":[{"embeddable":true,"href":"https:\/\/www.ijslander.com\/de\/wp-json\/wp\/v2\/users\/13"}],"replies":[{"embeddable":true,"href":"https:\/\/www.ijslander.com\/de\/wp-json\/wp\/v2\/comments?post=96627"}],"version-history":[{"count":7,"href":"https:\/\/www.ijslander.com\/de\/wp-json\/wp\/v2\/pages\/96627\/revisions"}],"predecessor-version":[{"id":96718,"href":"https:\/\/www.ijslander.com\/de\/wp-json\/wp\/v2\/pages\/96627\/revisions\/96718"}],"up":[{"embeddable":true,"href":"https:\/\/www.ijslander.com\/de\/wp-json\/wp\/v2\/pages\/40"}],"wp:featuredmedia":[{"embeddable":true,"href":"https:\/\/www.ijslander.com\/de\/wp-json\/wp\/v2\/media\/96472"}],"wp:attachment":[{"href":"https:\/\/www.ijslander.com\/de\/wp-json\/wp\/v2\/media?parent=96627"}],"curies":[{"name":"wp","href":"https:\/\/api.w.org\/{rel}","templated":true}]}}