{"id":91,"date":"2016-07-05T22:27:14","date_gmt":"2016-07-05T20:27:14","guid":{"rendered":"https:\/\/www.ijslander.com\/de\/privacy-policy\/"},"modified":"2017-07-19T10:30:52","modified_gmt":"2017-07-19T08:30:52","slug":"datenschutzbestimmungen","status":"publish","type":"page","link":"https:\/\/www.ijslander.com\/de\/datenschutzbestimmungen\/","title":{"rendered":"Datenschutzbestimmungen"},"content":{"rendered":"<div class=\"content-wrap\"><h1>Datenschutzbestimmungen von IJslander B.V.<\/h1>\n<p>Wenn Sie uns Ihre E-Mail-Adresse oder andere (indirekt ableitbare) personenbezogene Daten \u00fcbermitteln, nutzen wir diese Daten ausschlie\u00dflich zum Versand unseres Newsletters, f\u00fcr den Versand anderer Informationen bzw. zur Beantwortung von Fragen. Ihre Daten werden unter keinen Umst\u00e4nden an Dritte weitergegeben.<br \/>\nIJslander B.V. verwendet auf dieser Website Session-Cookies. Dabei handelt es sich um Funktions-Cookies, die die einwandfreie Funktionsf\u00e4higkeit der Website gew\u00e4hrleisten sollen. Zur Nutzung von Session-Cookies ist keine vorherige Zustimmung des Internetnutzers erforderlich. Diese Cookies enthalten bei jedem neuen Besuch der Website eine andere vor\u00fcbergehende Nummer. Die Session-Cookies werden nach Schlie\u00dfen des Browsers gel\u00f6scht.<\/p>\n<p><strong>Session storage<\/strong><br \/>\nBei Session Storage handelt es sich \u2013 ebenso wie bei Session-Cookies \u2013 um eine Form der vor\u00fcbergehenden Datenspeicherung. Wir nutzen Session Storage ausschlie\u00dflich, um Informationen zur Struktur der Website in Ihrem Browser zu speichern. Session Storage sorgt daf\u00fcr, dass Sie sich ohne Weiteres durch die einzelnen Themen der Website klicken, wischen und tippen k\u00f6nnen. Dabei werden keine personenbezogenen Daten von Ihnen verarbeitet.<\/p>\n<p><strong>Website-Statistiken<br \/>\n<\/strong><\/p>\n<p>Zur Analyse, welche Seiten am h\u00e4ufigsten und l\u00e4ngsten besucht werden, wie die Besucher auf unsere Website gelangt sind und welche Suchbegriffe in unsere Suchmaschine eingegeben wurden, verwenden wir das Statistikprogramm Google Analytics.<\/p>\n<p>Dazu sammeln wir \u2013 ebenso wie die meisten Websites \u2013 die IP-Adressen unserer Besucher. Diese werden in Protokolldateien (sogenannten Log Files) gespeichert. Die Protokolldateien werden auf dem Webserver f\u00fcnf Tage lang gespeichert, damit sie zur Analyse zur Verf\u00fcgung stehen. Danach werden die Protokolldateien aus Sicherheitsgr\u00fcnden weitere 90 Tage gespeichert und auch nur zu solchen Zwecken eingesehen.<\/p>\n<p>In den Protokolldateien sammeln wir folgende Daten:<\/p>\n<ul>\n<li>Cookies;<\/li>\n<li>IP-adresse;<\/li>\n<li>User agents (Browsers, Betriebssystem);<\/li>\n<li>Verwendete Suchbegriffe, um \u00fcber externe Suchmaschinen auf unsere Website zu gelangen;<\/li>\n<li>Verwendete Suchbegriff in der Suchmaschine auf der Website selbst;<\/li>\n<li>Verwendete Verkn\u00fcpfungen innerhalb der Website;<\/li>\n<li>Verwendete Verkn\u00fcpfungen, um auf unsere Website zu gelangen.<\/li>\n<\/ul>\n<p>Diese Daten extrahiert Mr. Orange aus den Protokolldateien des Webservers. Diese Protokolldateien verbleiben 31 Tage lang in der Datenbank von Mr. Orange. Mr. Orange ist mit dem Hosting der Website von IJslander B.V. beauftragt.<\/p>\n<p>Wir geben keinerlei personenbezogene Daten an Dritte weiter, es sei denn im Zusammenhang mit der Anzeige von Straftaten.<\/p>\n<p><strong>Inhalte von Drittanbietern<br \/>\n<\/strong>Diese Website enth\u00e4lt begrenzte Inhalte von Drittanbietern, wie etwa Widgets, Plug-ins oder eingebettete Inhalte.<\/p>\n<p><strong>Newsletter<\/strong><br \/>\nSie abonnieren den Newsletter von IJslander? Dann verwenden wir Ihre E-Mail-Adresse ausschlie\u00dflich zum Versand dieses Newsletters. Wenn Sie sich vom Newsletter abmelden, wird Ihre E-Mail-Adresse aus unserem Verteiler gel\u00f6scht.<\/p>\n<\/div>","protected":false},"excerpt":{"rendered":"<p>Datenschutzbestimmungen von IJslander B.V. Wenn Sie uns Ihre E-Mail-Adresse oder andere (indirekt ableitbare) personenbezogene Daten \u00fcbermitteln, nutzen wir diese Daten ausschlie\u00dflich zum Versand unseres Newsletters, f\u00fcr den Versand anderer Informationen bzw. zur Beantwortung von Fragen. Ihre Daten werden unter keinen Umst\u00e4nden an Dritte weitergegeben. IJslander B.V. verwendet auf dieser Website Session-Cookies. Dabei handelt es sich<\/p>\n","protected":false},"author":3,"featured_media":0,"parent":0,"menu_order":0,"comment_status":"closed","ping_status":"closed","template":"","meta":{"_acf_changed":false,"footnotes":""},"class_list":["post-91","page","type-page","status-publish"],"acf":[],"_links":{"self":[{"href":"https:\/\/www.ijslander.com\/de\/wp-json\/wp\/v2\/pages\/91","targetHints":{"allow":["GET"]}}],"collection":[{"href":"https:\/\/www.ijslander.com\/de\/wp-json\/wp\/v2\/pages"}],"about":[{"href":"https:\/\/www.ijslander.com\/de\/wp-json\/wp\/v2\/types\/page"}],"author":[{"embeddable":true,"href":"https:\/\/www.ijslander.com\/de\/wp-json\/wp\/v2\/users\/3"}],"replies":[{"embeddable":true,"href":"https:\/\/www.ijslander.com\/de\/wp-json\/wp\/v2\/comments?post=91"}],"version-history":[{"count":0,"href":"https:\/\/www.ijslander.com\/de\/wp-json\/wp\/v2\/pages\/91\/revisions"}],"wp:attachment":[{"href":"https:\/\/www.ijslander.com\/de\/wp-json\/wp\/v2\/media?parent=91"}],"curies":[{"name":"wp","href":"https:\/\/api.w.org\/{rel}","templated":true}]}}