{"id":82,"date":"2016-07-05T22:25:59","date_gmt":"2016-07-05T20:25:59","guid":{"rendered":"https:\/\/www.ijslander.com\/de\/?page_id=82"},"modified":"2025-09-09T16:53:35","modified_gmt":"2025-09-09T14:53:35","slug":"bedingungen","status":"publish","type":"page","link":"https:\/\/www.ijslander.com\/de\/bedingungen\/","title":{"rendered":"Bedingungen"},"content":{"rendered":"<div class=\"content-wrap\"><p><strong>Preise<\/strong><\/p>\n<ul>\n<li>Alle unsere Preise basieren auf den zum Zeitpunkt der Preisangabe g\u00fcltigen Tarifen f\u00fcr Stahl und Edelstahllegierungen.\u2022<\/li>\n<li>Preise sind exkl. MwSt., netto und ab Werk.<\/li>\n<li>Liefer- und Aufstellungskosten auf Anfrage.<\/li>\n<li>Preise sind exkl. Fundierungskosten.<\/li>\n<li>Preise sind pro St\u00fcck.<\/li>\n<li>P.a.a. ist Preis auf anfrage.<\/li>\n<\/ul>\n<p><strong><br \/>\nLieferbedingungen<\/strong><\/p>\n<ul>\n<li>Delivery Duty Unpaid, wenn nichts anderes vereinbart.<\/li>\n<li>Neben unseren Gesch\u00e4tsbedingungen gelten ebenfalls die Metaal-Unie-Bedingungen. Diese liegen bei der Gesch\u00e4ftsstelle des Landgerichts in Rotterdam. Es gilt die Niederl\u00e4ndische Gesetzgebung.<\/li>\n<\/ul>\n<p><strong>Sicherheit<\/strong><\/p>\n<p>Alle unsere Sport- und Spielger\u00e4te sind T\u00dcV-gepr\u00fcft und zertifiziert. Zertifikate sind auf Anfrage verf\u00fcgbar. Dies gilt nicht f\u00fcr unsere KUPA Holzger\u00e4te. F\u00fcr einige Ger\u00e4te warten wir auf das T\u00dcV-Zertifikat.<\/p>\n<p>Dies wird auf dem Ger\u00e4t durch einen angezeigt. Das kann ein bisschen dauern. Auf Wunsch k\u00f6nnen Sie eine Standort Pr\u00fcfung auch selbst durchf\u00fchren lassen.<\/p>\n<p><strong>Gew\u00e4hr<\/strong><\/p>\n<p>Auf alle unsere Artikel gew\u00e4hren wir 10 Jahre Garantie auf Konstruktionsteile und 3 Jahre auf Verschlei\u00df- und bewegliche Teile. Dies gilt nicht f\u00fcr Vandalismus, Besch\u00e4digungen der Beschichtungen und \u00e4u\u00dfere Verschmutzungen.<\/p>\n<p><strong>Zertifikate<\/strong><\/p>\n<p>IJslander liefert hochwertige Produkte und strebt beim Produktionsprozess die h\u00f6chste Qualit\u00e4t an. Unsere erhaltenen Zertifikate unterst\u00fctzen diese Zielsetzung: ISO 9001:2015, ISO 14001:2015, KOMO Prozesszertifikat BRL9921 und VCA* 2017\/6.0. Die VCA-Zertifizierung besagt, dass IJslander alle Arbeiten unter sicheren, gesunden Bedingungen ausf\u00fchrt und zugleich die Umwelt schont.<\/p>\n<p><strong>Garantie f\u00fcr IJslander holzger\u00e4te: Kupa serie<\/strong><\/p>\n<p>GARANTIEZEIT:<\/p>\n<ul>\n<li>15 Jahre bei Robinia*<\/li>\n<li>10 Jahre auf alle anderen Holzarten*<\/li>\n<li>10 Jahre auf Konstruktionsteile aus Edelstahl<\/li>\n<li>3 Jahre auf Verschlei\u00df und bewegliche Teile Garantiebedingungen:<\/li>\n<li>Die Garantie gilt nicht f\u00fcr Vandalismus und Besch\u00e4digungen von Beschichtungen sowie Verunreinigungen von au\u00dfen.<\/li>\n<li>*Garantie gilt, wenn Holzf\u00e4ule durch Trockenf\u00e4ule und Schimmel verursacht wird. Das Holz muss so stark gesch\u00e4digt sein, dass seine Tragf\u00e4higkeit nicht mehr der EN 1176 entspricht. \u2022Abriss und Besch\u00e4digung des Ger\u00e4tes fallen nicht unter die oben genannte Garantie.<\/li>\n<li>Die Garantie gilt nicht f\u00fcr nat\u00fcrliche Verwitterung, Verf\u00e4rbung und Funktionsf\u00e4higkeit des Holzes.<\/li>\n<li>Die Garantie erlischt, wenn das Ger\u00e4t nicht gem\u00e4\u00df der Ger\u00e4teanleitung \u00fcberpr\u00fcft und gewartet wird.<\/li>\n<li>Die Garantie erlischt, wenn das Ger\u00e4t nicht ordnungsgem\u00e4\u00df zusammengebaut wird. Es ist die Bedienungsanleitung des jeweiligen Ger\u00e4tes zu beachten.<\/li>\n<li>Die Garantie erlischt, wenn das Ger\u00e4t Korrosion und F\u00e4ulnis erf\u00e4hrt, weil es in einer Entfernung von mehr als 200 Metern zum Meerwasser aufgestellt wird.<\/li>\n<li>Bei der Verwendung von Rinde, Sand, Holzsp\u00e4nen oder einem \u00e4hnlichen nat\u00fcrlichen Material, das als sto\u00dfd\u00e4mpfende Unterlage rund um das Ger\u00e4t und bei im Boden steckenden Holzpfosten dient, verk\u00fcrzt sich die Garantiezeit bei Robinien auf 10 Jahre. Bei andere Holzarten wird diese reduziert nach 2 Jahre.<\/li>\n<li>Die Garantie erlischt, wenn Anpassungen oder Austausche vorgenommen werden, ohne dass die von der IJslander B.V. bereitgestellten Materialen verwendet werden.<\/li>\n<li>Die Garantie erlischt, wenn IJslander B.V. ein Mangel nicht innerhalb von 4 Wochen nach Entdeckung angezeigt wird.<\/li>\n<li>Wir weisen darauf hin, dass f\u00fcr alle unsere Lieferungen die Lieferbedingungen der Metaalunie[1]Bedingungen gelten.<\/li>\n<\/ul>\n<\/div>","protected":false},"excerpt":{"rendered":"<p>Preise Alle unsere Preise basieren auf den zum Zeitpunkt der Preisangabe g\u00fcltigen Tarifen f\u00fcr Stahl und Edelstahllegierungen.\u2022 Preise sind exkl. MwSt., netto und ab Werk. Liefer- und Aufstellungskosten auf Anfrage. Preise sind exkl. Fundierungskosten. Preise sind pro St\u00fcck. P.a.a. ist Preis auf anfrage. Lieferbedingungen Delivery Duty Unpaid, wenn nichts anderes vereinbart. Neben unseren Gesch\u00e4tsbedingungen gelten<\/p>\n","protected":false},"author":3,"featured_media":0,"parent":0,"menu_order":0,"comment_status":"closed","ping_status":"closed","template":"","meta":{"_acf_changed":false,"footnotes":""},"class_list":["post-82","page","type-page","status-publish"],"acf":[],"_links":{"self":[{"href":"https:\/\/www.ijslander.com\/de\/wp-json\/wp\/v2\/pages\/82","targetHints":{"allow":["GET"]}}],"collection":[{"href":"https:\/\/www.ijslander.com\/de\/wp-json\/wp\/v2\/pages"}],"about":[{"href":"https:\/\/www.ijslander.com\/de\/wp-json\/wp\/v2\/types\/page"}],"author":[{"embeddable":true,"href":"https:\/\/www.ijslander.com\/de\/wp-json\/wp\/v2\/users\/3"}],"replies":[{"embeddable":true,"href":"https:\/\/www.ijslander.com\/de\/wp-json\/wp\/v2\/comments?post=82"}],"version-history":[{"count":3,"href":"https:\/\/www.ijslander.com\/de\/wp-json\/wp\/v2\/pages\/82\/revisions"}],"predecessor-version":[{"id":110960,"href":"https:\/\/www.ijslander.com\/de\/wp-json\/wp\/v2\/pages\/82\/revisions\/110960"}],"wp:attachment":[{"href":"https:\/\/www.ijslander.com\/de\/wp-json\/wp\/v2\/media?parent=82"}],"curies":[{"name":"wp","href":"https:\/\/api.w.org\/{rel}","templated":true}]}}