{"id":50198,"date":"2020-07-31T11:48:17","date_gmt":"2020-07-31T09:48:17","guid":{"rendered":"https:\/\/bureauhanzeweb.nl\/ijslander\/loesungen\/buiten-fitness-voor-alle-leeftijden\/"},"modified":"2025-07-31T10:11:23","modified_gmt":"2025-07-31T08:11:23","slug":"fitness-auf-allen-altersgruppen","status":"publish","type":"page","link":"https:\/\/www.ijslander.com\/de\/loesungen\/fitness-auf-allen-altersgruppen\/","title":{"rendered":"Fitness f\u00fcr alle Altersgruppen"},"content":{"rendered":"<div class=\"content-wrap\"><\/div>","protected":false},"excerpt":{"rendered":"<p>Um gemeinsam Sport treiben zu k\u00f6nnen und Sport f\u00fcr Personen im Rollstuhl m\u00f6glich zu machen, haben wir neue Fitnessger\u00e4te entwickelt.<\/p>\n","protected":false},"author":3,"featured_media":50013,"parent":21444,"menu_order":0,"comment_status":"closed","ping_status":"closed","template":"templates\/template-contentblokken.php","meta":{"_acf_changed":false,"footnotes":""},"class_list":["post-50198","page","type-page","status-publish","has-post-thumbnail"],"acf":[],"_links":{"self":[{"href":"https:\/\/www.ijslander.com\/de\/wp-json\/wp\/v2\/pages\/50198","targetHints":{"allow":["GET"]}}],"collection":[{"href":"https:\/\/www.ijslander.com\/de\/wp-json\/wp\/v2\/pages"}],"about":[{"href":"https:\/\/www.ijslander.com\/de\/wp-json\/wp\/v2\/types\/page"}],"author":[{"embeddable":true,"href":"https:\/\/www.ijslander.com\/de\/wp-json\/wp\/v2\/users\/3"}],"replies":[{"embeddable":true,"href":"https:\/\/www.ijslander.com\/de\/wp-json\/wp\/v2\/comments?post=50198"}],"version-history":[{"count":1,"href":"https:\/\/www.ijslander.com\/de\/wp-json\/wp\/v2\/pages\/50198\/revisions"}],"predecessor-version":[{"id":110593,"href":"https:\/\/www.ijslander.com\/de\/wp-json\/wp\/v2\/pages\/50198\/revisions\/110593"}],"up":[{"embeddable":true,"href":"https:\/\/www.ijslander.com\/de\/wp-json\/wp\/v2\/pages\/21444"}],"wp:featuredmedia":[{"embeddable":true,"href":"https:\/\/www.ijslander.com\/de\/wp-json\/wp\/v2\/media\/50013"}],"wp:attachment":[{"href":"https:\/\/www.ijslander.com\/de\/wp-json\/wp\/v2\/media?parent=50198"}],"curies":[{"name":"wp","href":"https:\/\/api.w.org\/{rel}","templated":true}]}}