{"id":33666,"date":"2015-09-06T07:50:06","date_gmt":"2015-09-06T05:50:06","guid":{"rendered":"https:\/\/www.ijslander.com\/?page_id=33666"},"modified":"2025-09-25T09:45:27","modified_gmt":"2025-09-25T07:45:27","slug":"click-play","status":"publish","type":"page","link":"https:\/\/www.ijslander.com\/de\/produkt\/click-play\/","title":{"rendered":"Click &#038; Play"},"content":{"rendered":"<div class=\"content-wrap\"><h1 style=\"text-align: center;\"><\/h1>\n<h1 style=\"text-align: center;\">\u00a0<strong>CLICK &amp; PLAY <\/strong><\/h1>\n<p style=\"text-align: center;\">Click &amp; Play ist ein fortschrittliches Klicksystem, das mit Building Blocks und Bodent\u00f6pfen als Bodenverankerung arbeitet. Die Building Blocks werden in einer festen Aufstellung von Bodent\u00f6pfen installiert, worauf die Sport- und Spielger\u00e4te beziehungsweise Stadtm\u00f6bel montiert, n\u00e4mlich ganz einfach geklickt,\u00a0 werden k\u00f6nnen. Es gibt drei verschiedene Building Blocks mit denen ein Spiel- oder Sportfeld eingerichtet werden kann. Selbstverst\u00e4ndlich k\u00f6nnen auch mehrere Building Blocks auf einem Platz angebracht werden.<\/p>\n<p>&nbsp;<\/p>\n<p>&nbsp;<\/p>\n<p style=\"text-align: center;\"><iframe title=\"Click and Play (Deutsch)\" width=\"500\" height=\"281\" src=\"https:\/\/www.youtube.com\/embed\/GTKungSYalo?feature=oembed\" frameborder=\"0\" allow=\"accelerometer; autoplay; clipboard-write; encrypted-media; gyroscope; picture-in-picture; web-share\" referrerpolicy=\"strict-origin-when-cross-origin\" allowfullscreen><\/iframe><\/p>\n<p>&nbsp;<\/p>\n<p>&nbsp;<\/p>\n<\/div>","protected":false},"excerpt":{"rendered":"<p>\u00a0CLICK &amp; PLAY Click &amp; Play ist ein fortschrittliches Klicksystem, das mit Building Blocks und Bodent\u00f6pfen als Bodenverankerung arbeitet. Die Building Blocks werden in einer festen Aufstellung von Bodent\u00f6pfen installiert, worauf die Sport- und Spielger\u00e4te beziehungsweise Stadtm\u00f6bel montiert, n\u00e4mlich ganz einfach geklickt,\u00a0 werden k\u00f6nnen. Es gibt drei verschiedene Building Blocks mit denen ein Spiel- oder<\/p>\n","protected":false},"author":3,"featured_media":29795,"parent":40,"menu_order":0,"comment_status":"closed","ping_status":"closed","template":"templates\/template-category-suboverview.php","meta":{"_acf_changed":false,"footnotes":""},"class_list":["post-33666","page","type-page","status-publish","has-post-thumbnail"],"acf":[],"_links":{"self":[{"href":"https:\/\/www.ijslander.com\/de\/wp-json\/wp\/v2\/pages\/33666","targetHints":{"allow":["GET"]}}],"collection":[{"href":"https:\/\/www.ijslander.com\/de\/wp-json\/wp\/v2\/pages"}],"about":[{"href":"https:\/\/www.ijslander.com\/de\/wp-json\/wp\/v2\/types\/page"}],"author":[{"embeddable":true,"href":"https:\/\/www.ijslander.com\/de\/wp-json\/wp\/v2\/users\/3"}],"replies":[{"embeddable":true,"href":"https:\/\/www.ijslander.com\/de\/wp-json\/wp\/v2\/comments?post=33666"}],"version-history":[{"count":1,"href":"https:\/\/www.ijslander.com\/de\/wp-json\/wp\/v2\/pages\/33666\/revisions"}],"predecessor-version":[{"id":111195,"href":"https:\/\/www.ijslander.com\/de\/wp-json\/wp\/v2\/pages\/33666\/revisions\/111195"}],"up":[{"embeddable":true,"href":"https:\/\/www.ijslander.com\/de\/wp-json\/wp\/v2\/pages\/40"}],"wp:featuredmedia":[{"embeddable":true,"href":"https:\/\/www.ijslander.com\/de\/wp-json\/wp\/v2\/media\/29795"}],"wp:attachment":[{"href":"https:\/\/www.ijslander.com\/de\/wp-json\/wp\/v2\/media?parent=33666"}],"curies":[{"name":"wp","href":"https:\/\/api.w.org\/{rel}","templated":true}]}}