{"id":29649,"date":"2018-05-31T07:46:52","date_gmt":"2018-05-31T05:46:52","guid":{"rendered":"https:\/\/www.ijslander.com\/?page_id=29649"},"modified":"2022-10-18T14:46:45","modified_gmt":"2022-10-18T12:46:45","slug":"datenschutzerklaerung","status":"publish","type":"page","link":"https:\/\/www.ijslander.com\/de\/datenschutzerklaerung\/","title":{"rendered":"Datenschutzerkl\u00e4rung"},"content":{"rendered":"<div class=\"content-wrap\"><h1>Datenschutzerkl\u00e4rung zur Kunden und Lieferantenverwaltung<\/h1>\n<p><strong>Erhebung und Nutzung personenbezogener Daten von Kunden, Lieferanten, anderen Auftragnehmern und Gesch\u00e4ftspartnern<\/strong><\/p>\n<p>Wir m\u00f6chten Sie darauf aufmerksam machen, dass wir die von Ihnen erhaltenen personenbezogenen Daten sammeln und verwenden. Wir ben\u00f6tigen diese Daten, um einen Vertrag mit Ihnen gegebenenfalls schlie\u00dfen und erf\u00fcllen zu k\u00f6nnen. Das gilt sowohl f\u00fcr unsere (potenziellen) Kunden als auch f\u00fcr Gesch\u00e4ftspartner, bei denen wir Lieferungen und\/oder Leistungen einkaufen.<\/p>\n<p>Wenn Sie ein (potenzieller) Kunde von uns sind, verwenden wir Ihre Daten, um Ihnen ein Angebot zu unterbreiten, um festzustellen, welche Anforderungen oder W\u00fcnsche eine bestimmte Ware oder Dienstleistung erf\u00fcllen muss, um Ihnen Waren zu liefern oder Arbeiten f\u00fcr Sie auszuf\u00fchren, um Rechnungen zu stellen sowie zur reibungslosen und effizienten Kommunikation mit Ihnen bez\u00fcglich der Ausf\u00fchrungsaspekte des Vertrags.<\/p>\n<p>Wenn Sie ein (potenzieller) Lieferant oder anderweitiger Auftragnehmer sind, werden Ihre personenbezogenen Daten ebenfalls f\u00fcr den Abschluss und die Erf\u00fcllung des Vertrags ben\u00f6tigt. Beim Einkauf ist das erforderlich, um Ihnen mitzuteilen, welche Anforderungen und W\u00fcnsche eine bestimmte Ware oder Dienstleistung unserer Auffassung nach erf\u00fcllen muss, um eine Aufforderung zur Angebotsabgabe zuzuschicken oder bei Ihnen eine Bestellung aufzugeben, um Ihre Rechnungen zu bezahlen sowie zur reibungslosen und effizienten Kommunikation mit Ihnen bez\u00fcglich anderer Aspekte des Vertrags.<\/p>\n<p>Sie sind nicht verpflichtet, uns Ihre personenbezogenen Daten zu \u00fcbermitteln. Wenn Sie uns keine oder unzureichende personenbezogene Daten \u00fcbermitteln, kann es allerdings dazu kommen, dass wir die oben genannten Arbeiten nicht ausf\u00fchren k\u00f6nnen.<\/p>\n<p>&nbsp;<\/p>\n<p><strong>Erhebung, Verwendung und Speicherung personenbezogener Daten von Gesch\u00e4ftspartnern<\/strong><br \/>\nWir m\u00f6chten Sie darauf aufmerksam machen, dass wir die von Ihnen erhaltenen personenbezogenen Daten sammeln und verwenden, weil Sie diesbez\u00fcglich ihre Einwilligung erteilt haben oder weil dies zur Inanspruchnahme unserer berechtigten Interessen erforderlich ist. Wir verarbeiten folgende Daten: Name, Anschrift und Kontaktdaten.<\/p>\n<p>Wenn Sie Gesch\u00e4ftspartner von uns sind, verwenden wir Ihre Daten, damit wir Kontakt zu Ihnen aufnehmen k\u00f6nnen zu Zwecken, die im Interesse unseres Unternehmens sind. Das k\u00f6nnen beispielsweise die Besprechung einer eventuellen Zusammenarbeit, die \u00dcbermittlung und der Erhalt von Informationen sowie die Pflege unseres Netzwerks sein.<\/p>\n<p>Sie sind nicht verpflichtet, uns Ihre personenbezogenen Daten zu \u00fcbermitteln. Wenn Sie uns keine oder unzureichende personenbezogene Daten \u00fcbermitteln, kann es allerdings dazu kommen, dass wir die oben genannten Ziele nicht realisieren k\u00f6nnen. Ihre Daten werden ein Jahr nach dem letzten Kontakt gel\u00f6scht.<\/p>\n<p>&nbsp;<\/p>\n<p><strong>Weitergabe an Dritte<\/strong><br \/>\nIm Zusammenhang mit der Erf\u00fcllung eines eventuellen Vertrags mit Ihnen ist es m\u00f6glich, dass wir Ihre personenbezogenen Daten an Partner \u00fcbermitteln m\u00fcssen, die uns Komponenten, Materialien und Produkte liefern oder in unserem Auftrag Arbeiten ausf\u00fchren. Au\u00dferdem nutzen wir externe Serverkapazit\u00e4ten zur Speicherung unserer Verkaufs- und Einkaufsverwaltung, in deren Rahmen wir Ihre personenbezogenen Daten erfassen. Wenn Sie Gesch\u00e4ftspartner von uns sind, geh\u00f6ren Ihre personenbezogenen Daten dazu. Ihre personenbezogenen Daten werden deshalb an unseren Anbieter von Serverkapazit\u00e4ten \u00fcbermittelt. Au\u00dferdem setzen wir Microsoft Office sowie die zugeh\u00f6rigen Speicherm\u00f6glichkeiten f\u00fcr E-Mails und andere Dateien ein. Weil wir auf einen Newsletter-Dienst zur\u00fcckgreifen, werden Ihre personenbezogenen Daten schlie\u00dflich an den Anbieter dieses Dienstes weitergegeben.<\/p>\n<p>&nbsp;<\/p>\n<p><strong>Direktmarketing<\/strong><br \/>\nWenn Sie bei uns eine Bestellung aufgeben oder aufgegeben haben, speichern und verwenden wir die von Ihnen \u00fcbermittelten personenbezogenen Daten, um Sie k\u00fcnftig per E-Mail \u00fcber unsere vorhandenen und neuen Produkte und Dienstleistungen auf dem Laufenden zu halten und Ihnen diesbez\u00fcglich eventuell ein Angebot zu unterbreiten. Wir haben im Zusammenhang mit der Verwendung Ihrer personenbezogenen Daten zu diesem Zweck ein berechtigtes Interesse, denn wir m\u00f6chten unsere Produkte und Dienstleistungen verkaufen. Immer dann, wenn wir Ihnen eine Werbemail \u00fcbermitteln, haben Sie die M\u00f6glichkeit, uns mitzuteilen, dass Sie dies nicht w\u00fcnschen. Siehe dazu den Link zur Abmeldung am Ende jedes Mailings.<\/p>\n<p>&nbsp;<\/p>\n<p><strong>Aufbewahrungsfrist f\u00fcr personenbezogene Daten<\/strong><br \/>\nWenn Sie ein Angebot von uns angefordert haben, aber bei uns kein Kunde oder Gesch\u00e4ftspartner geworden sind, l\u00f6schen wir Ihre Daten sp\u00e4testens ein Jahr nach unserem letzten Kontakt. Auch wenn wir ein Angebot von Ihnen erhalten haben, aber kein Kunde von Ihnen geworden sind, werden Ihre personenbezogenen Daten sp\u00e4testens ein Jahr nach unserem letzten Kontakt gel\u00f6scht. Sind Sie dagegen Kunde bei uns geworden oder wir bei Ihnen, speichern wir Ihre personenbezogenen Daten f\u00fcr die Dauer von sieben Jahren nach Abschluss des Gesch\u00e4ftsjahres, in dem der Vertrag mit Ihnen vollst\u00e4ndig erf\u00fcllt worden ist. Der Zeitraum von sieben Jahren entspricht dem Zeitraum, in dem wir verpflichtet sind, unsere Buchhaltung f\u00fcr das Finanzamt aufzubewahren. Ihre Daten werden anschlie\u00dfend nur noch im Rahmen der Garantie- und Serviceverpflichtungen gespeichert.<\/p>\n<p>&nbsp;<\/p>\n<p><strong>Ihre Rechte<\/strong><br \/>\nSie haben das Recht, uns um Einblick in Ihre eigenen personenbezogenen Daten zu ersuchen. Gegebenenfalls k\u00f6nnen Sie uns auch um Erg\u00e4nzung Ihrer personenbezogenen Daten oder um \u00c4nderung falscher Angaben ersuchen. Dar\u00fcber hinaus haben Sie das Recht, um L\u00f6schung oder um eingeschr\u00e4nkte Verwendung Ihrer personenbezogenen Daten zu ersuchen. Sie k\u00f6nnen der Erhebung und Verwendung Ihrer Daten uns gegen\u00fcber auch widersprechen oder eine Beschwerde bei der zust\u00e4ndigen Datenschutzbeh\u00f6rde einreichen (in den Niederlanden: Autoriteit Persoonsgegevens). Schlie\u00dflich k\u00f6nnen Sie uns um Herausgabe Ihrer personenbezogenen Daten oder um \u00dcbertragung dieser Daten an einen anderen ersuchen. Zur Inanspruchnahme Ihrer Rechte wenden Sie sich bitte an: (IJslander BV, Oude Dijk 10, 8096 RK Oldebroek, Niederlande, +31 (0)525- 63 34 20, info@ijslander.com). Auch mit etwaigen Fragen oder bei Informationsbedarf im Zusammenhang mit der Erhebung und Verwendung Ihrer personenbezogenen Daten k\u00f6nnen Sie sich selbstverst\u00e4ndlich an uns wenden.<\/p>\n<p>&nbsp;<\/p>\n<p>8. Mai 2018<br \/>\nOldebroek, Niederlande<\/p>\n<p>&nbsp;<\/p>\n<p>Klicke hier zum <a href=\"https:\/\/www.ijslander.com\/wp-content\/uploads\/2018\/05\/IJslander-Privacyverklaring-klant-en-leveranciersadministratie_DE.pdf\" target=\"_blank\" rel=\"noopener\">herunterladen<\/a>.<\/p>\n<\/div>","protected":false},"excerpt":{"rendered":"<p>Datenschutzerkl\u00e4rung zur Kunden und Lieferantenverwaltung Erhebung und Nutzung personenbezogener Daten von Kunden, Lieferanten, anderen Auftragnehmern und Gesch\u00e4ftspartnern Wir m\u00f6chten Sie darauf aufmerksam machen, dass wir die von Ihnen erhaltenen personenbezogenen Daten sammeln und verwenden. Wir ben\u00f6tigen diese Daten, um einen Vertrag mit Ihnen gegebenenfalls schlie\u00dfen und erf\u00fcllen zu k\u00f6nnen. Das gilt sowohl f\u00fcr unsere (potenziellen)<\/p>\n","protected":false},"author":3,"featured_media":0,"parent":0,"menu_order":0,"comment_status":"closed","ping_status":"closed","template":"","meta":{"_acf_changed":false,"footnotes":""},"class_list":["post-29649","page","type-page","status-publish"],"acf":[],"_links":{"self":[{"href":"https:\/\/www.ijslander.com\/de\/wp-json\/wp\/v2\/pages\/29649","targetHints":{"allow":["GET"]}}],"collection":[{"href":"https:\/\/www.ijslander.com\/de\/wp-json\/wp\/v2\/pages"}],"about":[{"href":"https:\/\/www.ijslander.com\/de\/wp-json\/wp\/v2\/types\/page"}],"author":[{"embeddable":true,"href":"https:\/\/www.ijslander.com\/de\/wp-json\/wp\/v2\/users\/3"}],"replies":[{"embeddable":true,"href":"https:\/\/www.ijslander.com\/de\/wp-json\/wp\/v2\/comments?post=29649"}],"version-history":[{"count":0,"href":"https:\/\/www.ijslander.com\/de\/wp-json\/wp\/v2\/pages\/29649\/revisions"}],"wp:attachment":[{"href":"https:\/\/www.ijslander.com\/de\/wp-json\/wp\/v2\/media?parent=29649"}],"curies":[{"name":"wp","href":"https:\/\/api.w.org\/{rel}","templated":true}]}}