{"id":26010,"date":"2017-06-30T12:03:47","date_gmt":"2017-06-30T10:03:47","guid":{"rendered":"https:\/\/www.ijslander.com\/spielen\/glijbanen-specials\/"},"modified":"2025-12-16T15:40:30","modified_gmt":"2025-12-16T14:40:30","slug":"rutschen-spezial-rutschen","status":"publish","type":"page","link":"https:\/\/www.ijslander.com\/de\/produkt\/rutschen-spezial-rutschen\/","title":{"rendered":"Rutschen &#038; Spezial-Rutschen"},"content":{"rendered":"<div class=\"content-wrap\"><p><img fetchpriority=\"high\" decoding=\"async\" class=\"aligncenter size-large wp-image-25391\" src=\"https:\/\/ijslander.com\/wp-content\/uploads\/2017\/06\/1999-260-P-13-LR-1024x670.jpg\" alt=\"IJslander RVS glijbaan op maat \" width=\"1024\" height=\"670\" \/><\/p>\n<h1 style=\"text-align: center;\"><strong>Spezial-Rutschen<\/strong><\/h1>\n<p>Eines der ersten Spielger\u00e4te, die IJslander angefertigt hat, war eine Edelstahl-Rutsche. Jetzt, nach \u00fcber zwanzig Jahren, sind wir viele Rutschen weiter und k\u00f6nnen uns mit Recht als Spezialisten auf diesem Gebiet bezeichnen. Inzwischen wenden sich immer \u00f6fter Menschen an uns wegen Tunnelrutschen als zus\u00e4tzlicher Attraktion beispielsweise an einem Restaurant oder auf dem Schulhof, als Fluchtweg statt einer Brandschneise oder wegen Hangrutschen. Eine einfache oder eine doppelte? Uns ist das einerlei, denn wir k\u00f6nnen alles anfertigen. Wie etwa die besonderen Rutschen f\u00fcr ein Pfannkuchenrestaurant.<\/p>\n<p>&nbsp;<\/p>\n<\/div>","protected":false},"excerpt":{"rendered":"<p>Spezial-Rutschen Eines der ersten Spielger\u00e4te, die IJslander angefertigt hat, war eine Edelstahl-Rutsche. Jetzt, nach \u00fcber zwanzig Jahren, sind wir viele Rutschen weiter und k\u00f6nnen uns mit Recht als Spezialisten auf diesem Gebiet bezeichnen. Inzwischen wenden sich immer \u00f6fter Menschen an uns wegen Tunnelrutschen als zus\u00e4tzlicher Attraktion beispielsweise an einem Restaurant oder auf dem Schulhof, als<\/p>\n","protected":false},"author":3,"featured_media":0,"parent":40,"menu_order":0,"comment_status":"closed","ping_status":"closed","template":"templates\/template-category-suboverview.php","meta":{"_acf_changed":false,"footnotes":""},"class_list":["post-26010","page","type-page","status-publish"],"acf":[],"_links":{"self":[{"href":"https:\/\/www.ijslander.com\/de\/wp-json\/wp\/v2\/pages\/26010","targetHints":{"allow":["GET"]}}],"collection":[{"href":"https:\/\/www.ijslander.com\/de\/wp-json\/wp\/v2\/pages"}],"about":[{"href":"https:\/\/www.ijslander.com\/de\/wp-json\/wp\/v2\/types\/page"}],"author":[{"embeddable":true,"href":"https:\/\/www.ijslander.com\/de\/wp-json\/wp\/v2\/users\/3"}],"replies":[{"embeddable":true,"href":"https:\/\/www.ijslander.com\/de\/wp-json\/wp\/v2\/comments?post=26010"}],"version-history":[{"count":3,"href":"https:\/\/www.ijslander.com\/de\/wp-json\/wp\/v2\/pages\/26010\/revisions"}],"predecessor-version":[{"id":113122,"href":"https:\/\/www.ijslander.com\/de\/wp-json\/wp\/v2\/pages\/26010\/revisions\/113122"}],"up":[{"embeddable":true,"href":"https:\/\/www.ijslander.com\/de\/wp-json\/wp\/v2\/pages\/40"}],"wp:attachment":[{"href":"https:\/\/www.ijslander.com\/de\/wp-json\/wp\/v2\/media?parent=26010"}],"curies":[{"name":"wp","href":"https:\/\/api.w.org\/{rel}","templated":true}]}}