{"id":25655,"date":"2016-07-12T22:10:26","date_gmt":"2016-07-12T20:10:26","guid":{"rendered":"https:\/\/www.ijslander.com\/spielen\/byo\/"},"modified":"2025-11-21T09:51:33","modified_gmt":"2025-11-21T08:51:33","slug":"byo","status":"publish","type":"page","link":"https:\/\/www.ijslander.com\/de\/produkt\/byo\/","title":{"rendered":"BYO"},"content":{"rendered":"<div class=\"content-wrap\"><p style=\"text-align: center;\"><img fetchpriority=\"high\" decoding=\"async\" class=\"wp-image-12257 size-full aligncenter\" src=\"https:\/\/ijslander.com\/wp-content\/uploads\/2016\/08\/BYO_HEADER.jpg\" width=\"1140\" height=\"445\" srcset=\"https:\/\/www.ijslander.com\/wp-content\/uploads\/2016\/08\/BYO_HEADER.jpg 1140w, https:\/\/www.ijslander.com\/wp-content\/uploads\/2016\/08\/BYO_HEADER-300x117.jpg 300w, https:\/\/www.ijslander.com\/wp-content\/uploads\/2016\/08\/BYO_HEADER-1024x400.jpg 1024w, https:\/\/www.ijslander.com\/wp-content\/uploads\/2016\/08\/BYO_HEADER-768x300.jpg 768w\" sizes=\"(max-width: 1140px) 100vw, 1140px\" \/><\/p>\n<p>&nbsp;<\/p>\n<h1 style=\"text-align: center;\"><strong>BYO<\/strong><\/h1>\n<p style=\"text-align: center;\">Klettern stimuliert das Ged\u00e4chtnis von Kindern, sie lernen dabei, Probleme besser zu l\u00f6sen, und das ist positiv f\u00fcr die mentale und soziale Entwicklung. Also sollte man die Kinder auf unseren BYO-Spielger\u00e4ten einfach klettern lassen!<\/p>\n<p>&nbsp;<\/p>\n<h2>Klettern und Klimmen<\/h2>\n<p>BYO-Spielger\u00e4te wurden speziell f\u00fcr Kinder im Alter von 5 bis 12 Jahren entwickelt. Grundlage bildeten Untersuchungen der International Play Equipment Manufacturers Association aus dem Jahr 2008 von Norquist. Darin wird gezeigt, dass Kinder durch Klettern und Klimmen ihr Ged\u00e4chtnis anregen, Kompetenzen zur Probleml\u00f6sung erwerben und sich besser mental und sozial entwickeln. Folgerichtig haben wir diese Spielanregung in vollem Umfang in unseren BYO-Spielger\u00e4ten ber\u00fccksichtigt.<\/p>\n<p>Unsere BYO-Serie ist auch durch den modularen Systemaufbau einzigartig. Damit l\u00e4sst sich das Spielger\u00e4t um zus\u00e4tzliche Spielelemente erweitern, und die Spielm\u00f6glichkeiten nehmen zu. So k\u00f6nnen beispielsweise Laufbr\u00fccken, ein Dach oder Kletternetze erg\u00e4nzt werden. Mit diesen zeitlosen Ger\u00e4ten ist alles m\u00f6glich.<span style=\"border-radius: 2px; text-indent: 20px; width: auto; padding: 0px 4px 0px 0px; text-align: center; font: bold 11px\/20px 'Helvetica Neue',Helvetica,sans-serif; color: #ffffff; background: #bd081c no-repeat scroll 3px 50% \/ 14px 14px; position: absolute; opacity: 1; z-index: 8675309; display: none; cursor: pointer;\">Bewaren<\/span><\/p>\n<\/div>","protected":false},"excerpt":{"rendered":"<p>&nbsp; BYO Klettern stimuliert das Ged\u00e4chtnis von Kindern, sie lernen dabei, Probleme besser zu l\u00f6sen, und das ist positiv f\u00fcr die mentale und soziale Entwicklung. Also sollte man die Kinder auf unseren BYO-Spielger\u00e4ten einfach klettern lassen! &nbsp; Klettern und Klimmen BYO-Spielger\u00e4te wurden speziell f\u00fcr Kinder im Alter von 5 bis 12 Jahren entwickelt. Grundlage bildeten<\/p>\n","protected":false},"author":3,"featured_media":5673,"parent":40,"menu_order":0,"comment_status":"closed","ping_status":"closed","template":"templates\/template-category-suboverview.php","meta":{"_acf_changed":false,"footnotes":""},"class_list":["post-25655","page","type-page","status-publish","has-post-thumbnail"],"acf":[],"_links":{"self":[{"href":"https:\/\/www.ijslander.com\/de\/wp-json\/wp\/v2\/pages\/25655","targetHints":{"allow":["GET"]}}],"collection":[{"href":"https:\/\/www.ijslander.com\/de\/wp-json\/wp\/v2\/pages"}],"about":[{"href":"https:\/\/www.ijslander.com\/de\/wp-json\/wp\/v2\/types\/page"}],"author":[{"embeddable":true,"href":"https:\/\/www.ijslander.com\/de\/wp-json\/wp\/v2\/users\/3"}],"replies":[{"embeddable":true,"href":"https:\/\/www.ijslander.com\/de\/wp-json\/wp\/v2\/comments?post=25655"}],"version-history":[{"count":1,"href":"https:\/\/www.ijslander.com\/de\/wp-json\/wp\/v2\/pages\/25655\/revisions"}],"predecessor-version":[{"id":112649,"href":"https:\/\/www.ijslander.com\/de\/wp-json\/wp\/v2\/pages\/25655\/revisions\/112649"}],"up":[{"embeddable":true,"href":"https:\/\/www.ijslander.com\/de\/wp-json\/wp\/v2\/pages\/40"}],"wp:featuredmedia":[{"embeddable":true,"href":"https:\/\/www.ijslander.com\/de\/wp-json\/wp\/v2\/media\/5673"}],"wp:attachment":[{"href":"https:\/\/www.ijslander.com\/de\/wp-json\/wp\/v2\/media?parent=25655"}],"curies":[{"name":"wp","href":"https:\/\/api.w.org\/{rel}","templated":true}]}}