{"id":21526,"date":"2016-08-24T09:12:23","date_gmt":"2016-08-24T07:12:23","guid":{"rendered":"https:\/\/www.ijslander.com\/spielen\/next\/"},"modified":"2025-11-24T16:11:17","modified_gmt":"2025-11-24T15:11:17","slug":"next","status":"publish","type":"page","link":"https:\/\/www.ijslander.com\/de\/produkt\/next\/","title":{"rendered":"Next"},"content":{"rendered":"<div class=\"content-wrap\"><p><img fetchpriority=\"high\" decoding=\"async\" class=\"alignnone size-full wp-image-12636\" src=\"https:\/\/ijslander.com\/wp-content\/uploads\/2016\/08\/IJS_ETALAGEPAGINA_HEADER_NEXT.jpg\" alt=\"IJslander speeltoestel uit de Next serie\" width=\"1140\" height=\"443\" \/><\/p>\n<h1 style=\"text-align: center;\"><strong>Next<\/strong><\/h1>\n<p style=\"text-align: center;\">Die Next-Spielger\u00e4te sind superrobust und abenteuerlich. \u00c4ltere Kinder k\u00f6nnen darauf wunderbar herumtollen.<\/p>\n<p>&nbsp;<\/p>\n<h2>Mehr Abenteuer!<\/h2>\n<p>\u00c4ltere Kinder ab 8 Jahren verlangen nach mehr Abenteuern und gr\u00f6\u00dferen Herausforderungen. Unter anderem durch schwierigere und h\u00f6here Kletterpartien oder steile Rutschstangen. Eigens f\u00fcr diese Zielgruppe haben wir die Spielger\u00e4teserie Next entwickelt. Diese Spielger\u00e4te sind etwas h\u00f6her, gr\u00f6\u00dfer und schwieriger als normale Ger\u00e4te. Sie sehen spannend aus, und damit werden vor allem \u00e4ltere Kinder angesprochen.<\/p>\n<p>Durch das Spiel auf diesen Ger\u00e4ten testen die Kinder ihre Grenzen, m\u00fcssen einander helfen, werden zu gr\u00fcndlicherem Nachdenken veranlasst und bewegen sich mehr. Die einzelnen Spielger\u00e4te der Next-Serie besitzen zahlreiche Spielm\u00f6glichkeiten, ermuntern und regen zum Zusammenspiel an. Auf einem Next-Ger\u00e4t spielen die Kinder an den Grenzen ihrer F\u00e4higkeiten. Toll!<\/p>\n<\/div>","protected":false},"excerpt":{"rendered":"<p>Next Die Next-Spielger\u00e4te sind superrobust und abenteuerlich. \u00c4ltere Kinder k\u00f6nnen darauf wunderbar herumtollen. &nbsp; Mehr Abenteuer! \u00c4ltere Kinder ab 8 Jahren verlangen nach mehr Abenteuern und gr\u00f6\u00dferen Herausforderungen. Unter anderem durch schwierigere und h\u00f6here Kletterpartien oder steile Rutschstangen. Eigens f\u00fcr diese Zielgruppe haben wir die Spielger\u00e4teserie Next entwickelt. Diese Spielger\u00e4te sind etwas h\u00f6her, gr\u00f6\u00dfer und<\/p>\n","protected":false},"author":3,"featured_media":4150,"parent":40,"menu_order":0,"comment_status":"closed","ping_status":"closed","template":"templates\/template-category-suboverview.php","meta":{"_acf_changed":false,"footnotes":""},"class_list":["post-21526","page","type-page","status-publish","has-post-thumbnail"],"acf":[],"_links":{"self":[{"href":"https:\/\/www.ijslander.com\/de\/wp-json\/wp\/v2\/pages\/21526","targetHints":{"allow":["GET"]}}],"collection":[{"href":"https:\/\/www.ijslander.com\/de\/wp-json\/wp\/v2\/pages"}],"about":[{"href":"https:\/\/www.ijslander.com\/de\/wp-json\/wp\/v2\/types\/page"}],"author":[{"embeddable":true,"href":"https:\/\/www.ijslander.com\/de\/wp-json\/wp\/v2\/users\/3"}],"replies":[{"embeddable":true,"href":"https:\/\/www.ijslander.com\/de\/wp-json\/wp\/v2\/comments?post=21526"}],"version-history":[{"count":1,"href":"https:\/\/www.ijslander.com\/de\/wp-json\/wp\/v2\/pages\/21526\/revisions"}],"predecessor-version":[{"id":89713,"href":"https:\/\/www.ijslander.com\/de\/wp-json\/wp\/v2\/pages\/21526\/revisions\/89713"}],"up":[{"embeddable":true,"href":"https:\/\/www.ijslander.com\/de\/wp-json\/wp\/v2\/pages\/40"}],"wp:featuredmedia":[{"embeddable":true,"href":"https:\/\/www.ijslander.com\/de\/wp-json\/wp\/v2\/media\/4150"}],"wp:attachment":[{"href":"https:\/\/www.ijslander.com\/de\/wp-json\/wp\/v2\/media?parent=21526"}],"curies":[{"name":"wp","href":"https:\/\/api.w.org\/{rel}","templated":true}]}}