{"id":21525,"date":"2016-07-12T09:19:36","date_gmt":"2016-07-12T07:19:36","guid":{"rendered":"https:\/\/www.ijslander.com\/spielen\/madera\/"},"modified":"2025-09-25T14:57:28","modified_gmt":"2025-09-25T12:57:28","slug":"madera","status":"publish","type":"page","link":"https:\/\/www.ijslander.com\/de\/produkt\/madera\/","title":{"rendered":"Madera"},"content":{"rendered":"<div class=\"content-wrap\"><p><img fetchpriority=\"high\" decoding=\"async\" class=\"wp-image-12255 size-full aligncenter\" src=\"https:\/\/ijslander.com\/wp-content\/uploads\/2016\/09\/IJS_ETALAGEPAGINA_HEADER_3-AFBL_MADERA.jpg\" width=\"1140\" height=\"445\" \/><\/p>\n<h1 style=\"text-align: center;\"><strong>Madera<\/strong><\/h1>\n<p style=\"text-align: center;\">Unsere Madera-Serie umfasst einzigartige Spielger\u00e4te aus Edelstahl mit ganz nat\u00fcrlichem Aussehen. Bei diesen widerstandsf\u00e4higen Spielger\u00e4ten wird die Wartung auch bei \u201enat\u00fcrlichem Spielen\u201c beherrschbar.<\/p>\n<p>&nbsp;<\/p>\n<h2>Nat\u00fcrliche Ausstrahlung<\/h2>\n<p>Die Madera-Spielger\u00e4te haben mit ihrer sehr robusten hellbraunen Spezialbeschichtung eine nat\u00fcrliche Ausstrahlung. Dies wird durch die sich rau anf\u00fchlende Beschichtung noch einmal verst\u00e4rkt. Diese Spielger\u00e4te-Serie eignet sich besonders f\u00fcr Spielpl\u00e4tze mit einer nat\u00fcrlichen Ausstrahlung, Naturspielpl\u00e4tze und Gr\u00fcnanlagen. Denn die Madera-Spielger\u00e4te vermitteln den Eindruck von Holz, ben\u00f6tigen aber nicht die aufwendige Wartung, die f\u00fcr Holzspielger\u00e4te typisch ist.<\/p>\n<p>Die Madera-Spielger\u00e4te sind modular aufgebaut. Dadurch l\u00e4sst sich ein Spielplatz einfach und schnell mit Spielger\u00e4ten der gleichen Serie erweitern. Es gibt bereits sechzehn verschiedene Madera-Spielger\u00e4te, auf denen Kinder klettern, rutschen, kippeln, balancieren, h\u00e4ngen und schaukeln k\u00f6nnen.<\/p>\n<\/div>","protected":false},"excerpt":{"rendered":"<p>Madera Unsere Madera-Serie umfasst einzigartige Spielger\u00e4te aus Edelstahl mit ganz nat\u00fcrlichem Aussehen. Bei diesen widerstandsf\u00e4higen Spielger\u00e4ten wird die Wartung auch bei \u201enat\u00fcrlichem Spielen\u201c beherrschbar. &nbsp; Nat\u00fcrliche Ausstrahlung Die Madera-Spielger\u00e4te haben mit ihrer sehr robusten hellbraunen Spezialbeschichtung eine nat\u00fcrliche Ausstrahlung. Dies wird durch die sich rau anf\u00fchlende Beschichtung noch einmal verst\u00e4rkt. Diese Spielger\u00e4te-Serie eignet sich besonders<\/p>\n","protected":false},"author":3,"featured_media":16297,"parent":40,"menu_order":0,"comment_status":"closed","ping_status":"closed","template":"templates\/template-category-suboverview.php","meta":{"_acf_changed":false,"footnotes":""},"class_list":["post-21525","page","type-page","status-publish","has-post-thumbnail"],"acf":[],"_links":{"self":[{"href":"https:\/\/www.ijslander.com\/de\/wp-json\/wp\/v2\/pages\/21525","targetHints":{"allow":["GET"]}}],"collection":[{"href":"https:\/\/www.ijslander.com\/de\/wp-json\/wp\/v2\/pages"}],"about":[{"href":"https:\/\/www.ijslander.com\/de\/wp-json\/wp\/v2\/types\/page"}],"author":[{"embeddable":true,"href":"https:\/\/www.ijslander.com\/de\/wp-json\/wp\/v2\/users\/3"}],"replies":[{"embeddable":true,"href":"https:\/\/www.ijslander.com\/de\/wp-json\/wp\/v2\/comments?post=21525"}],"version-history":[{"count":1,"href":"https:\/\/www.ijslander.com\/de\/wp-json\/wp\/v2\/pages\/21525\/revisions"}],"predecessor-version":[{"id":111281,"href":"https:\/\/www.ijslander.com\/de\/wp-json\/wp\/v2\/pages\/21525\/revisions\/111281"}],"up":[{"embeddable":true,"href":"https:\/\/www.ijslander.com\/de\/wp-json\/wp\/v2\/pages\/40"}],"wp:featuredmedia":[{"embeddable":true,"href":"https:\/\/www.ijslander.com\/de\/wp-json\/wp\/v2\/media\/16297"}],"wp:attachment":[{"href":"https:\/\/www.ijslander.com\/de\/wp-json\/wp\/v2\/media?parent=21525"}],"curies":[{"name":"wp","href":"https:\/\/api.w.org\/{rel}","templated":true}]}}