{"id":21472,"date":"2016-08-24T09:12:18","date_gmt":"2016-08-24T07:12:18","guid":{"rendered":"https:\/\/www.ijslander.com\/spielen\/carisma\/"},"modified":"2025-12-04T11:55:03","modified_gmt":"2025-12-04T10:55:03","slug":"carisma","status":"publish","type":"page","link":"https:\/\/www.ijslander.com\/de\/produkt\/carisma\/","title":{"rendered":"Carisma"},"content":{"rendered":"<div class=\"content-wrap\"><h1>\u00a0 \u00a0 \u00a0 \u00a0 \u00a0 \u00a0 \u00a0 \u00a0 \u00a0 <img fetchpriority=\"high\" decoding=\"async\" class=\"alignnone wp-image-32216\" src=\"https:\/\/www.ijslander.com\/wp-content\/uploads\/2017\/06\/Carisma-dubbele-schommel.jpg\" alt=\"\" width=\"497\" height=\"373\" srcset=\"https:\/\/www.ijslander.com\/wp-content\/uploads\/2017\/06\/Carisma-dubbele-schommel.jpg 1067w, https:\/\/www.ijslander.com\/wp-content\/uploads\/2017\/06\/Carisma-dubbele-schommel-300x225.jpg 300w, https:\/\/www.ijslander.com\/wp-content\/uploads\/2017\/06\/Carisma-dubbele-schommel-1024x768.jpg 1024w, https:\/\/www.ijslander.com\/wp-content\/uploads\/2017\/06\/Carisma-dubbele-schommel-768x576.jpg 768w, https:\/\/www.ijslander.com\/wp-content\/uploads\/2017\/06\/Carisma-dubbele-schommel-960x720.jpg 960w\" sizes=\"(max-width: 497px) 100vw, 497px\" \/><\/h1>\n<h1>\u00a0 \u00a0 \u00a0 \u00a0 \u00a0 \u00a0 \u00a0 \u00a0 \u00a0 \u00a0 \u00a0 \u00a0 \u00a0 \u00a0 \u00a0 \u00a0 \u00a0 \u00a0 \u00a0 \u00a0 Carisma<\/h1>\n<p>Unsere Carisma-Spielger\u00e4te sehen ein wenig anders aus und k\u00f6nnen wirklich \u00fcberall aufgestellt werden. Zudem regen die geschwungenen St\u00e4nder die Fantasie der Kinder an. Toll!<\/p>\n<h2>Verspielte Windungen und Drehungen<\/h2>\n<p data-start=\"82\" data-end=\"510\">Kinder im Alter von 5\u201312 Jahren k\u00f6nnen die verschiedenen Carisma-Spielger\u00e4te in vollen Z\u00fcgen genie\u00dfen. Anstelle traditioneller gerader Pfosten verwendet Carisma gedrehte Pfosten, die Kinder dazu anregen, ihre eigenen Spiele zu entwickeln. Diese Pfosten k\u00f6nnen alles M\u00f6gliche darstellen \u2026 Dadurch k\u00f6nnen diese abstrakten Spielger\u00e4te \u00fcberall aufgestellt werden, weil sie Kinder dazu einladen, ihre eigenen Geschichten zu erfinden.<\/p>\n<p data-start=\"512\" data-end=\"786\" data-is-last-node=\"\" data-is-only-node=\"\">Das Carisma-Spielger\u00e4t ist modular aufgebaut, sodass es schnell und einfach mit weiteren Ger\u00e4ten derselben Serie erweitert werden kann. Es gibt vierzehn verschiedene Carisma-Spielger\u00e4te, auf denen Kinder klettern, rutschen, wackeln, balancieren, h\u00e4ngen und schaukeln k\u00f6nnen.<\/p>\n<\/div>","protected":false},"excerpt":{"rendered":"<p>\u00a0 \u00a0 \u00a0 \u00a0 \u00a0 \u00a0 \u00a0 \u00a0 \u00a0 \u00a0 \u00a0 \u00a0 \u00a0 \u00a0 \u00a0 \u00a0 \u00a0 \u00a0 \u00a0 \u00a0 \u00a0 \u00a0 \u00a0 \u00a0 \u00a0 \u00a0 \u00a0 \u00a0 \u00a0 Carisma Unsere Carisma-Spielger\u00e4te sehen ein wenig anders aus und k\u00f6nnen wirklich \u00fcberall aufgestellt werden. Zudem regen die geschwungenen St\u00e4nder die Fantasie der Kinder an. Toll! Verspielte<\/p>\n","protected":false},"author":3,"featured_media":32216,"parent":40,"menu_order":0,"comment_status":"closed","ping_status":"closed","template":"templates\/template-category-suboverview.php","meta":{"_acf_changed":false,"footnotes":""},"class_list":["post-21472","page","type-page","status-publish","has-post-thumbnail"],"acf":[],"_links":{"self":[{"href":"https:\/\/www.ijslander.com\/de\/wp-json\/wp\/v2\/pages\/21472","targetHints":{"allow":["GET"]}}],"collection":[{"href":"https:\/\/www.ijslander.com\/de\/wp-json\/wp\/v2\/pages"}],"about":[{"href":"https:\/\/www.ijslander.com\/de\/wp-json\/wp\/v2\/types\/page"}],"author":[{"embeddable":true,"href":"https:\/\/www.ijslander.com\/de\/wp-json\/wp\/v2\/users\/3"}],"replies":[{"embeddable":true,"href":"https:\/\/www.ijslander.com\/de\/wp-json\/wp\/v2\/comments?post=21472"}],"version-history":[{"count":12,"href":"https:\/\/www.ijslander.com\/de\/wp-json\/wp\/v2\/pages\/21472\/revisions"}],"predecessor-version":[{"id":113020,"href":"https:\/\/www.ijslander.com\/de\/wp-json\/wp\/v2\/pages\/21472\/revisions\/113020"}],"up":[{"embeddable":true,"href":"https:\/\/www.ijslander.com\/de\/wp-json\/wp\/v2\/pages\/40"}],"wp:featuredmedia":[{"embeddable":true,"href":"https:\/\/www.ijslander.com\/de\/wp-json\/wp\/v2\/media\/32216"}],"wp:attachment":[{"href":"https:\/\/www.ijslander.com\/de\/wp-json\/wp\/v2\/media?parent=21472"}],"curies":[{"name":"wp","href":"https:\/\/api.w.org\/{rel}","templated":true}]}}