{"id":21471,"date":"2016-08-24T09:12:12","date_gmt":"2016-08-24T07:12:12","guid":{"rendered":"https:\/\/www.ijslander.com\/spielen\/bugs\/"},"modified":"2025-09-29T10:47:42","modified_gmt":"2025-09-29T08:47:42","slug":"bugs","status":"publish","type":"page","link":"https:\/\/www.ijslander.com\/de\/produkt\/bugs\/","title":{"rendered":"Bugs"},"content":{"rendered":"<div class=\"content-wrap\"><p style=\"text-align: center;\"><img fetchpriority=\"high\" decoding=\"async\" class=\"wp-image-12259 size-full aligncenter\" src=\"https:\/\/ijslander.com\/wp-content\/uploads\/2016\/08\/Bugs_HEADER.jpg\" width=\"1140\" height=\"445\" srcset=\"https:\/\/www.ijslander.com\/wp-content\/uploads\/2016\/08\/Bugs_HEADER.jpg 1140w, https:\/\/www.ijslander.com\/wp-content\/uploads\/2016\/08\/Bugs_HEADER-300x117.jpg 300w, https:\/\/www.ijslander.com\/wp-content\/uploads\/2016\/08\/Bugs_HEADER-1024x400.jpg 1024w, https:\/\/www.ijslander.com\/wp-content\/uploads\/2016\/08\/Bugs_HEADER-768x300.jpg 768w\" sizes=\"(max-width: 1140px) 100vw, 1140px\" \/><\/p>\n<p>&nbsp;<\/p>\n<h1 style=\"text-align: center;\"><strong>Bugs<\/strong><\/h1>\n<p style=\"text-align: center;\">Kinder wollen eigenst\u00e4ndig die Welt entdecken, und das beginnt in der Natur und mit Insekten. Unsere Bugs-Spielger\u00e4te in Form abstrakter Insekten unterst\u00fctzen die Kinder auf ihrer Entdeckungsreise.<\/p>\n<p>&nbsp;<\/p>\n<h2>Experimentieren<\/h2>\n<p>Kinder im Alter von 2 bis 12 Jahren werden in einer nat\u00fcrlichen Umgebung zum Experimentieren angeregt. Sie wollen alles selbst entdecken, und das beginnt bei Insekten auf dem Boden, auf Zweigen oder im Gras. Das sind die ersten Tiere, mit denen Kinder spielen und mit denen sie die Natur entdecken.<\/p>\n<p>Die Bugs-Serie wurde entwickelt, um Kindern einen sicheren, \u00fcbersichtlichen Ort zu bieten, an dem sie die Natur entdecken und ihrer Fantasie freien Lauf lassen k\u00f6nnen. Dabei handelt es sich um ganz besondere farbenfrohe kleine, gr\u00f6\u00dfere und gro\u00dfe Spielger\u00e4te in Form abstrakter Insekten, auf denen Kinder kippeln, sich drehen, klettern und rutschen k\u00f6nnen. Durch ihre abstrakte Form regen die Spielger\u00e4te die Fantasie der Kinder an und sorgen daf\u00fcr, dass sie sich unbewusst Wissen \u00fcber Insekten und die Natur aneignen. Schauen Sie sich die Animation\u00a0<a style=\"background-color: #ffffff;\" href=\"https:\/\/www.youtube.com\/watch?v=UvL34oilGQA\" target=\"_blank\" rel=\"noopener\">Spider meets Spider\u00a0<\/a>an, ein gro\u00dfes Klimm- und Kletterger\u00e4t aus der Bugs-Serie.<\/p>\n<\/div>","protected":false},"excerpt":{"rendered":"<p>&nbsp; Bugs Kinder wollen eigenst\u00e4ndig die Welt entdecken, und das beginnt in der Natur und mit Insekten. Unsere Bugs-Spielger\u00e4te in Form abstrakter Insekten unterst\u00fctzen die Kinder auf ihrer Entdeckungsreise. &nbsp; Experimentieren Kinder im Alter von 2 bis 12 Jahren werden in einer nat\u00fcrlichen Umgebung zum Experimentieren angeregt. Sie wollen alles selbst entdecken, und das beginnt<\/p>\n","protected":false},"author":3,"featured_media":5318,"parent":40,"menu_order":0,"comment_status":"closed","ping_status":"closed","template":"templates\/template-category-suboverview.php","meta":{"_acf_changed":false,"footnotes":""},"class_list":["post-21471","page","type-page","status-publish","has-post-thumbnail"],"acf":[],"_links":{"self":[{"href":"https:\/\/www.ijslander.com\/de\/wp-json\/wp\/v2\/pages\/21471","targetHints":{"allow":["GET"]}}],"collection":[{"href":"https:\/\/www.ijslander.com\/de\/wp-json\/wp\/v2\/pages"}],"about":[{"href":"https:\/\/www.ijslander.com\/de\/wp-json\/wp\/v2\/types\/page"}],"author":[{"embeddable":true,"href":"https:\/\/www.ijslander.com\/de\/wp-json\/wp\/v2\/users\/3"}],"replies":[{"embeddable":true,"href":"https:\/\/www.ijslander.com\/de\/wp-json\/wp\/v2\/comments?post=21471"}],"version-history":[{"count":1,"href":"https:\/\/www.ijslander.com\/de\/wp-json\/wp\/v2\/pages\/21471\/revisions"}],"predecessor-version":[{"id":111289,"href":"https:\/\/www.ijslander.com\/de\/wp-json\/wp\/v2\/pages\/21471\/revisions\/111289"}],"up":[{"embeddable":true,"href":"https:\/\/www.ijslander.com\/de\/wp-json\/wp\/v2\/pages\/40"}],"wp:featuredmedia":[{"embeddable":true,"href":"https:\/\/www.ijslander.com\/de\/wp-json\/wp\/v2\/media\/5318"}],"wp:attachment":[{"href":"https:\/\/www.ijslander.com\/de\/wp-json\/wp\/v2\/media?parent=21471"}],"curies":[{"name":"wp","href":"https:\/\/api.w.org\/{rel}","templated":true}]}}