{"id":21469,"date":"2016-07-12T22:10:09","date_gmt":"2016-07-12T20:10:09","guid":{"rendered":"https:\/\/www.ijslander.com\/spielen\/bambino\/"},"modified":"2025-09-29T08:20:38","modified_gmt":"2025-09-29T06:20:38","slug":"bambino","status":"publish","type":"page","link":"https:\/\/www.ijslander.com\/de\/produkt\/bambino\/","title":{"rendered":"Bambino"},"content":{"rendered":"<div class=\"content-wrap\"><p><img fetchpriority=\"high\" decoding=\"async\" class=\"wp-image-12255 size-full aligncenter\" src=\"https:\/\/ijslander.com\/wp-content\/uploads\/2016\/09\/IJS_ETALAGEPAGINA_HEADER_BAMBINO.jpg\" width=\"1140\" height=\"445\" \/><\/p>\n<h1 style=\"text-align: center;\"><strong>Bambino<\/strong><\/h1>\n<p style=\"text-align: center;\">Die Serie Bambino fordert vor allem Kinder bis zu sechs Jahren. Die Kleinen entwickeln sich auf diesen kleineren Spielger\u00e4ten auf ganz spielerische Weise.<\/p>\n<p>&nbsp;<\/p>\n<h2>Eigenen Spielbereich<\/h2>\n<p>Kleine Kinder ben\u00f6tigen einen eigenen Spielbereich mit Ger\u00e4ten, die eigens auf ihre Bed\u00fcrfnisse zugeschnitten sind: Entwicklung von Fantasie, Motorik und eigenem Spiel. Dadurch wird das Spielen nicht nur interessanter, es wird auch vermieden, dass Kinder mit Ger\u00e4ten spielen m\u00fcssen, die noch nicht f\u00fcr sie geeignet sind und bei denen dadurch ein erh\u00f6htes Unfallrisiko besteht. Mit der Aufstellung von Spezialger\u00e4ten f\u00fcr kleinere Kinder wird dar\u00fcber hinaus verhindert, dass die kleineren Kinder auf dem Spielplatz von gr\u00f6\u00dferen Kindern verdr\u00e4ngt werden.<\/p>\n<p>IJslander hat die TU Twente hinzugezogen und gemeinsam die Spielger\u00e4teserie Bambino entwickelt, die sich an Kinder bis zu sechs Jahren wendet. Diese Ger\u00e4te haben eine geringere Gr\u00f6\u00dfe als die normalen Spielger\u00e4te, weisen ruhigere Farben und Bewegungen auf, sind transparent und abstrakt. Dadurch werden die Kinder ermuntert, ihre eigene Fantasie zu nutzen und ihr Spiel eigenst\u00e4ndig zu entwickeln. Au\u00dferdem regen diese Spielger\u00e4te auch die motorische Entwicklung an. Zudem f\u00f6rdert das Spielen auf diesen Ger\u00e4ten die kognitive sowie die sozial-emotionale Entwicklung von Kindern bis zu sechs Jahren. So entwickeln sich die Kinder auf Bambino-Spielger\u00e4ten auf ganz spielerische Weise. Und das kann wirklich toll sein!<\/p>\n<p><span style=\"border-radius: 2px; text-indent: 20px; width: auto; padding: 0px 4px 0px 0px; text-align: center; font: bold 11px\/20px 'Helvetica Neue',Helvetica,sans-serif; color: #ffffff; background: #bd081c no-repeat scroll 3px 50% \/ 14px 14px; position: absolute; opacity: 1; z-index: 8675309; display: none; cursor: pointer; top: 153px; left: 176px;\">Bewaren<\/span><\/p>\n<p><span style=\"border-radius: 2px; text-indent: 20px; width: auto; padding: 0px 4px 0px 0px; text-align: center; font: bold 11px\/20px 'Helvetica Neue',Helvetica,sans-serif; color: #ffffff; background: #bd081c no-repeat scroll 3px 50% \/ 14px 14px; position: absolute; opacity: 1; z-index: 8675309; display: none; cursor: pointer;\">Bewaren<\/span><\/p>\n<\/div>","protected":false},"excerpt":{"rendered":"<p>Bambino Die Serie Bambino fordert vor allem Kinder bis zu sechs Jahren. Die Kleinen entwickeln sich auf diesen kleineren Spielger\u00e4ten auf ganz spielerische Weise. &nbsp; Eigenen Spielbereich Kleine Kinder ben\u00f6tigen einen eigenen Spielbereich mit Ger\u00e4ten, die eigens auf ihre Bed\u00fcrfnisse zugeschnitten sind: Entwicklung von Fantasie, Motorik und eigenem Spiel. Dadurch wird das Spielen nicht nur<\/p>\n","protected":false},"author":3,"featured_media":4952,"parent":40,"menu_order":0,"comment_status":"closed","ping_status":"closed","template":"templates\/template-category-suboverview.php","meta":{"_acf_changed":false,"footnotes":""},"class_list":["post-21469","page","type-page","status-publish","has-post-thumbnail"],"acf":[],"_links":{"self":[{"href":"https:\/\/www.ijslander.com\/de\/wp-json\/wp\/v2\/pages\/21469","targetHints":{"allow":["GET"]}}],"collection":[{"href":"https:\/\/www.ijslander.com\/de\/wp-json\/wp\/v2\/pages"}],"about":[{"href":"https:\/\/www.ijslander.com\/de\/wp-json\/wp\/v2\/types\/page"}],"author":[{"embeddable":true,"href":"https:\/\/www.ijslander.com\/de\/wp-json\/wp\/v2\/users\/3"}],"replies":[{"embeddable":true,"href":"https:\/\/www.ijslander.com\/de\/wp-json\/wp\/v2\/comments?post=21469"}],"version-history":[{"count":1,"href":"https:\/\/www.ijslander.com\/de\/wp-json\/wp\/v2\/pages\/21469\/revisions"}],"predecessor-version":[{"id":111286,"href":"https:\/\/www.ijslander.com\/de\/wp-json\/wp\/v2\/pages\/21469\/revisions\/111286"}],"up":[{"embeddable":true,"href":"https:\/\/www.ijslander.com\/de\/wp-json\/wp\/v2\/pages\/40"}],"wp:featuredmedia":[{"embeddable":true,"href":"https:\/\/www.ijslander.com\/de\/wp-json\/wp\/v2\/media\/4952"}],"wp:attachment":[{"href":"https:\/\/www.ijslander.com\/de\/wp-json\/wp\/v2\/media?parent=21469"}],"curies":[{"name":"wp","href":"https:\/\/api.w.org\/{rel}","templated":true}]}}