{"id":21416,"date":"2016-08-24T11:49:32","date_gmt":"2016-08-24T09:49:32","guid":{"rendered":"https:\/\/www.ijslander.com\/contact\/distributeurs-ijslander-b-v\/"},"modified":"2025-10-01T08:51:45","modified_gmt":"2025-10-01T06:51:45","slug":"distributoren-ijslander","status":"publish","type":"page","link":"https:\/\/www.ijslander.com\/de\/kontakt\/distributoren-ijslander\/","title":{"rendered":"Distributoren IJslander"},"content":{"rendered":"<div class=\"content-wrap\"><p>Unsere Sport- und Spielger\u00e4te finden inzwischen innerhalb und au\u00dferhalb Europas Verbreitung. Und noch immer erweitern wir unser Vertriebsnetz. Ansprechpartner f\u00fcr unsere Vertriebspartner ist Managing Director John Franken. Er ist erreichbar unter: +31 (0)525 633420 \u2013 oder per E-Mail: <a href=\"mailto:info@ijslander.com\">info@ijslander.com<\/a>.<\/p>\n<h2>\u00dcbersicht distributoren:<strong><br \/>\n<\/strong><\/h2>\n<p><em><strong>Australien<\/strong><\/em><\/p>\n<p>&nbsp;<\/p>\n<p><strong>Deutschland<\/strong><br \/>\nSibana | <a href=\"http:\/\/www.sibana-handelsvertretung.de\/\" target=\"_blank\" rel=\"nofollow noopener\">www.sibana-handelsvertretung.de<\/a><\/p>\n<p>Herr J\u00fcrgen Baumgarten <a href=\"mailto:info@sibana-handelsvertretung.de\">info@sibana-handelsvertretung.de<\/a><\/p>\n<p>Telefonnummer: +49-6241-975556<\/p>\n<p>Postleitzahlen<\/p>\n<p><strong><em>34000 &#8211; 36999<\/em><\/strong><\/p>\n<p><strong><em>39000 &#8211; 39999<\/em><\/strong><\/p>\n<p><strong><em>41000 &#8211; 47999<\/em><\/strong><\/p>\n<p><strong><em>50000 &#8211; 59999<\/em><\/strong><\/p>\n<p><strong><em>60000 &#8211; 69999<\/em><\/strong><\/p>\n<p><strong><em>70000 &#8211; 71999<\/em><\/strong><\/p>\n<p><strong><em>73000 &#8211; 74999<\/em><\/strong><\/p>\n<p><strong><em>76000 &#8211; 76999<\/em><\/strong><\/p>\n<p><strong><em>97000 &#8211; 97999<\/em><\/strong><\/p>\n<p><strong><em>\u00a0<\/em><\/strong><\/p>\n<p>Ziegler Metallbearbeitung Gmbh<strong><em> | <\/em><\/strong><a href=\"https:\/\/www.ziegler-metall.de\/\" target=\"_blank\" rel=\"noopener\">www.ziegler-metall.de<\/a><\/p>\n<p><em>Key Account Manager Spiel &amp; Sport <\/em><br \/>\nMobil: +49(0) 173-6765734<br \/>\nE-Mail:\u00a0<a href=\"mailto:Frank.Fritz@ziegler-metall.de\">Frank.Fritz@ziegler-metall.de<\/a><\/p>\n<p><strong><em>Postleitzahlen:<\/em><\/strong><\/p>\n<p><strong>00000 &#8211; 09999<\/strong><\/p>\n<p><strong>99000 &#8211; 99999<\/strong><\/p>\n<p><strong>10120 &#8211; 13999<\/strong><\/p>\n<p><strong>14000 &#8211; 16000<\/strong><\/p>\n<p><strong>20000 &#8211; 33829<\/strong><\/p>\n<p><strong>37000 &#8211; 37699<\/strong><\/p>\n<p><strong>38100 &#8211; 38729<\/strong><\/p>\n<p><strong>48000 &#8211; 49999<\/strong><\/p>\n<p><strong>17000 &#8211; 19000<\/strong><\/p>\n<p><strong>72000 &#8211; 72999<\/strong><\/p>\n<p><strong>75000 &#8211; 75999<\/strong><\/p>\n<p><strong>77000 &#8211; 79999<\/strong><\/p>\n<p><strong>80000 &#8211; 96999<\/strong><\/p>\n<p><strong>98000 &#8211; 98999<\/strong><\/p>\n<p><em><strong><br \/>\nFrankreich<\/strong>\u00a0(Luxemburg, Wallonien &#8211; Belgien)<br \/>\n<\/em>Pro Urba\u00a0|\u00a0<a href=\"http:\/\/www.prourba.com\/\" target=\"_blank\" rel=\"nofollow noopener\">www.prourba.com<\/a><\/p>\n<p>&nbsp;<\/p>\n<p><strong><em>Vereinigtes K\u00f6nigreich <\/em><\/strong><em>(England, Schottland, Wales)<\/em><br \/>\nSpiel- und Sportger\u00e4te : GB Sport &amp; Leisure UK Ltd | <a href=\"http:\/\/www.gbsportandleisure.co.uk\/\" target=\"_blank\" rel=\"nofollow noopener\">www.gbsportandleisure.co.uk<\/a><\/p>\n<p>&nbsp;<\/p>\n<p><em><strong>Hongkong<\/strong><br \/>\n<\/em>Sinocham (HK) Enterprises Limited | <a href=\"http:\/\/www.winwingroup.com.hk\" target=\"_blank\" rel=\"nofollow noopener\">www.winwingroup.com.hk<\/a><\/p>\n<p>&nbsp;<\/p>\n<p><em><strong>Irland\u00a0<\/strong>(Noord en Zuid Ierland)<\/em><\/p>\n<p>Play and Leisure Services | <a href=\"http:\/\/www.playandleisureservices.co.uk\/\" target=\"_blank\" rel=\"nofollow noopener\">www.playandleisureservices.co.uk<\/a><\/p>\n<p>&nbsp;<\/p>\n<p><strong><em>Malaysia<\/em><\/strong><br \/>\nPRIMA SPORT AND PLAY SDN BHD | <a href=\"http:\/\/www.psp.my\" target=\"_blank\" rel=\"nofollow noopener\">www.psp.my<\/a><\/p>\n<p><strong><em><br \/>\nMarokko<\/em><\/strong><br \/>\nLandal Diffusion | <a href=\"http:\/\/www.landaldiffusion.com\/\" target=\"_blank\" rel=\"nofollow noopener\">www.landaldiffusion.com<\/a><\/p>\n<p><em><strong><br \/>\nScandinavia<\/strong><br \/>\n<\/em>Elverdal A\/S | <a href=\"http:\/\/www.elverdal.dk\/\" target=\"_blank\" rel=\"nofollow noopener\">www.elverdal.dk<\/a><br \/>\nElverdal as | <a href=\"http:\/\/www.elverdal.no\" rel=\"nofollow noopener\" target=\"_blank\">www.elverdal.no<\/a><br \/>\nElverdal AB | <a href=\"http:\/\/www.elverdal.se\/\" target=\"_blank\" rel=\"nofollow noopener\">www.elverdal.se<\/a><\/p>\n<p>&nbsp;<\/p>\n<p><em><strong>Singapur<\/strong><\/em><br \/>\nPLAYWKZ Culture Singapore PTE LTD | <a href=\"http:\/\/www.playwkz.com\" target=\"_blank\" rel=\"nofollow noopener\">www.playwkz.com<\/a><\/p>\n<p>&nbsp;<\/p>\n<p><strong><em>Spanien<\/em><\/strong><br \/>\nBetter Design | <a href=\"https:\/\/www.betterdesign.info\/nuestro-trabajo\" target=\"_blank\" rel=\"noopener\">https:\/\/www.betterdesign.info\/nuestro-trabajo<\/a><\/p>\n<p><strong><em><br \/>\nSchweiz<\/em><\/strong><br \/>\nSilidur AG | <a href=\"http:\/\/www.silidur.ch\" target=\"_blank\" rel=\"nofollow noopener\">www.silidur.ch<\/a><\/p>\n<\/div>","protected":false},"excerpt":{"rendered":"<p>Unsere Sport- und Spielger\u00e4te finden inzwischen innerhalb und au\u00dferhalb Europas Verbreitung. Und noch immer erweitern wir unser Vertriebsnetz. Ansprechpartner f\u00fcr unsere Vertriebspartner ist Managing Director John Franken. Er ist erreichbar unter: +31 (0)525 633420 \u2013 oder per E-Mail: info@ijslander.com. \u00dcbersicht distributoren: Australien &nbsp; Deutschland Sibana | www.sibana-handelsvertretung.de Herr J\u00fcrgen Baumgarten info@sibana-handelsvertretung.de Telefonnummer: +49-6241-975556 Postleitzahlen 34000<\/p>\n","protected":false},"author":3,"featured_media":0,"parent":72,"menu_order":0,"comment_status":"closed","ping_status":"closed","template":"","meta":{"_acf_changed":false,"footnotes":""},"class_list":["post-21416","page","type-page","status-publish"],"acf":[],"_links":{"self":[{"href":"https:\/\/www.ijslander.com\/de\/wp-json\/wp\/v2\/pages\/21416","targetHints":{"allow":["GET"]}}],"collection":[{"href":"https:\/\/www.ijslander.com\/de\/wp-json\/wp\/v2\/pages"}],"about":[{"href":"https:\/\/www.ijslander.com\/de\/wp-json\/wp\/v2\/types\/page"}],"author":[{"embeddable":true,"href":"https:\/\/www.ijslander.com\/de\/wp-json\/wp\/v2\/users\/3"}],"replies":[{"embeddable":true,"href":"https:\/\/www.ijslander.com\/de\/wp-json\/wp\/v2\/comments?post=21416"}],"version-history":[{"count":5,"href":"https:\/\/www.ijslander.com\/de\/wp-json\/wp\/v2\/pages\/21416\/revisions"}],"predecessor-version":[{"id":111309,"href":"https:\/\/www.ijslander.com\/de\/wp-json\/wp\/v2\/pages\/21416\/revisions\/111309"}],"up":[{"embeddable":true,"href":"https:\/\/www.ijslander.com\/de\/wp-json\/wp\/v2\/pages\/72"}],"wp:attachment":[{"href":"https:\/\/www.ijslander.com\/de\/wp-json\/wp\/v2\/media?parent=21416"}],"curies":[{"name":"wp","href":"https:\/\/api.w.org\/{rel}","templated":true}]}}