{"id":113573,"date":"2022-04-25T09:08:05","date_gmt":"2022-04-25T07:08:05","guid":{"rendered":"https:\/\/www.ijslander.com\/produkt\/colorato\/"},"modified":"2026-01-20T14:24:58","modified_gmt":"2026-01-20T13:24:58","slug":"colorato","status":"publish","type":"page","link":"https:\/\/www.ijslander.com\/de\/produkt\/colorato\/","title":{"rendered":"Colorato"},"content":{"rendered":"<div class=\"content-wrap\"><p><img fetchpriority=\"high\" decoding=\"async\" class=\"alignnone wp-image-74231\" src=\"https:\/\/www.ijslander.com\/wp-content\/uploads\/2022\/04\/Colorato-Garda.jpg\" alt=\"\" width=\"581\" height=\"436\" srcset=\"https:\/\/www.ijslander.com\/wp-content\/uploads\/2022\/04\/Colorato-Garda.jpg 2000w, https:\/\/www.ijslander.com\/wp-content\/uploads\/2022\/04\/Colorato-Garda-300x225.jpg 300w, https:\/\/www.ijslander.com\/wp-content\/uploads\/2022\/04\/Colorato-Garda-1024x768.jpg 1024w, https:\/\/www.ijslander.com\/wp-content\/uploads\/2022\/04\/Colorato-Garda-768x576.jpg 768w, https:\/\/www.ijslander.com\/wp-content\/uploads\/2022\/04\/Colorato-Garda-1536x1152.jpg 1536w, https:\/\/www.ijslander.com\/wp-content\/uploads\/2022\/04\/Colorato-Garda-960x720.jpg 960w\" sizes=\"(max-width: 581px) 100vw, 581px\" \/><\/p>\n<h1 style=\"text-align: left;\"><strong>Colorato<\/strong><\/h1>\n<p>Die farbenfrohen Spielger\u00e4te von Colorato werden aus recyceltem Kunststoff hergestellt. Es gibt verschiedene Colorato-Spielger\u00e4te, auf denen Kinder klettern, rutschen, wackeln, balancieren, h\u00e4ngen und schaukeln k\u00f6nnen.<\/p>\n<\/div>","protected":false},"excerpt":{"rendered":"<p>Colorato Die farbenfrohen Spielger\u00e4te von Colorato werden aus recyceltem Kunststoff hergestellt. Es gibt verschiedene Colorato-Spielger\u00e4te, auf denen Kinder klettern, rutschen, wackeln, balancieren, h\u00e4ngen und schaukeln k\u00f6nnen.<\/p>\n","protected":false},"author":13,"featured_media":74189,"parent":40,"menu_order":0,"comment_status":"closed","ping_status":"closed","template":"templates\/template-category-suboverview.php","meta":{"_acf_changed":false,"footnotes":""},"class_list":["post-113573","page","type-page","status-publish","has-post-thumbnail"],"acf":[],"_links":{"self":[{"href":"https:\/\/www.ijslander.com\/de\/wp-json\/wp\/v2\/pages\/113573","targetHints":{"allow":["GET"]}}],"collection":[{"href":"https:\/\/www.ijslander.com\/de\/wp-json\/wp\/v2\/pages"}],"about":[{"href":"https:\/\/www.ijslander.com\/de\/wp-json\/wp\/v2\/types\/page"}],"author":[{"embeddable":true,"href":"https:\/\/www.ijslander.com\/de\/wp-json\/wp\/v2\/users\/13"}],"replies":[{"embeddable":true,"href":"https:\/\/www.ijslander.com\/de\/wp-json\/wp\/v2\/comments?post=113573"}],"version-history":[{"count":2,"href":"https:\/\/www.ijslander.com\/de\/wp-json\/wp\/v2\/pages\/113573\/revisions"}],"predecessor-version":[{"id":113575,"href":"https:\/\/www.ijslander.com\/de\/wp-json\/wp\/v2\/pages\/113573\/revisions\/113575"}],"up":[{"embeddable":true,"href":"https:\/\/www.ijslander.com\/de\/wp-json\/wp\/v2\/pages\/40"}],"wp:featuredmedia":[{"embeddable":true,"href":"https:\/\/www.ijslander.com\/de\/wp-json\/wp\/v2\/media\/74189"}],"wp:attachment":[{"href":"https:\/\/www.ijslander.com\/de\/wp-json\/wp\/v2\/media?parent=113573"}],"curies":[{"name":"wp","href":"https:\/\/api.w.org\/{rel}","templated":true}]}}